{"id":9,"date":"2020-04-06T18:21:31","date_gmt":"2020-04-06T16:21:31","guid":{"rendered":"http:\/\/etulinja.net\/?page_id=9"},"modified":"2020-12-13T13:16:04","modified_gmt":"2020-12-13T11:16:04","slug":"etulinja-home-page","status":"publish","type":"page","link":"http:\/\/etulinja.net\/fi\/","title":{"rendered":"Kotisivu"},"content":{"rendered":"<div style=\"height: 4rem;\" id=\"news\"><\/div>\n\n\n\n<h2 class=\"has-text-align-center wp-block-heading\">Uutiset<\/h2>\n\n\n<ul class=\"wp-block-latest-posts__list has-dates wp-block-latest-posts\"><li><a class=\"wp-block-latest-posts__post-title\" href=\"http:\/\/etulinja.net\/fi\/2020\/04\/10\/new-website\/\">Uusi nettisivu<\/a><time datetime=\"2020-04-10T15:44:33+03:00\" class=\"wp-block-latest-posts__post-date\">10\/04\/2020<\/time><div class=\"wp-block-latest-posts__post-excerpt\">Uusi Etulinjan nettisivu on ylh\u00e4\u00e4ll\u00e4. T\u00e4lt\u00e4 sivulta l\u00f6yd\u00e4t Etulinjan uutiset, perustietoa meist\u00e4, linkkej\u00e4 sosiaaliseen mediaamme sek\u00e4 resursseja liittyen Suomeen Toisessa Maailmansodassa.<\/div><\/li>\n<\/ul>\n\n\n<div style=\"height: 4rem;\" id=\"introduction\"><\/div>\n\n\n\n<h2 class=\"has-text-align-center wp-block-heading\" id=\"introduction\">Mik\u00e4 Etulinja on?<\/h2>\n\n\n\n<p class=\"has-text-align-center\">Etulinja ry on Suomalainen toisen maailmansodan el\u00e4v\u00f6itt\u00e4mist\u00e4 harrastava yhdistys.<\/p>\n\n\n\n<p class=\"has-text-align-center\">Toimintaamme kuuluvat yksityiset harjoitukset, toimintan\u00e4yt\u00f6kset, historian tutkiminen ja erin\u00e4inen yhteisty\u00f6 museoiden ja muiden alan j\u00e4rjest\u00f6jen kanssa. Tarkoituksemme on tutkia ja yll\u00e4pit\u00e4\u00e4 suomalaisia sotahistoriallisia perinteit\u00e4.<\/p>\n\n\n\n<p class=\"has-text-align-center\">Merkitt\u00e4v\u00e4 osaa toimintaamme on, ett\u00e4<br><strong>yhdess\u00e4 kokeilemme ja syvenn\u00e4mme kirjatietoa k\u00e4yt\u00e4nn\u00f6ss\u00e4.<\/strong>.<\/p>\n\n\n\n<p class=\"has-text-align-center\">Etulinja ry on poliittisesti ja uskonnollisesti sitoutumaton. Maantieteellisesti olemme eri puolilta Suomea, mutta tapahtumamme sijoittuvat yleens\u00e4 etel\u00e4iseen Suomeen.<\/p>\n\n\n\n<p class=\"has-text-align-center\">N\u00e4ilt\u00e4 sivuilta l\u00f6yd\u00e4t kuvia ja videoita toiminnastamme, sek\u00e4 my\u00f6s tiedot seuraavista yleis\u00f6tapahtumista, joihin osallistumme.<\/p>\n\n\n\n<div id=\"links\"><\/div>\n\n\n\n<p class=\"has-text-align-center\">Vastaamme mielell\u00e4mme kysymyksiin toiminnastamme joko Facebookin tai s\u00e4hk\u00f6postin kautta.<\/p>\n\n\n\n<h2 class=\"has-text-align-center wp-block-heading\" id=\"links\">Linkkej\u00e4<\/h2>\n\n\n\n<div class=\"wp-block-columns is-layout-flex wp-container-core-columns-is-layout-1 wp-block-columns-is-layout-flex\">\n<div class=\"wp-block-column is-layout-flow wp-block-column-is-layout-flow\">\n<div class=\"wp-block-image\"><figure class=\"aligncenter size-large is-resized\"><a href=\"https:\/\/www.facebook.com\/Etulinja\/\" target=\"_blank\" rel=\"noopener noreferrer\"><img loading=\"lazy\" decoding=\"async\" src=\"http:\/\/etulinja.net\/wp-content\/uploads\/2020\/04\/Asset-4-e1586197126933.png\" alt=\"icon facebook\" class=\"wp-image-39\" width=\"177\" height=\"180\"\/><\/a><\/figure><\/div>\n\n\n\n<p class=\"has-text-align-center\">Etulinjan facebook-sivu<\/p>\n\n\n\n<p><\/p>\n<\/div>\n\n\n\n<div class=\"wp-block-column is-layout-flow wp-block-column-is-layout-flow\">\n<div class=\"wp-block-image\"><figure class=\"aligncenter size-large\"><a href=\"http:\/\/etulinja.net\/guide\/\" target=\"_blank\" rel=\"noopener noreferrer\"><img loading=\"lazy\" decoding=\"async\" width=\"184\" height=\"180\" src=\"http:\/\/etulinja.net\/wp-content\/uploads\/2020\/04\/Asset-1-e1586197147808.png\" alt=\"icon guide\" class=\"wp-image-37\"\/><\/a><\/figure><\/div>\n\n\n\n<div id=\"reports\"><\/div>\n\n\n\n<p class=\"has-text-align-center\">Tietoa ja kuvia vaatteista ja varusteista<\/p>\n<\/div>\n<\/div>\n\n\n\n<h2 class=\"wp-block-heading\" id=\"reports\">Etulinjan katsaukset<\/h2>\n\n\n\n<p>Tapahtumien yhteydess\u00e4 olemme dokumentoineet omaa toimintaamme vanhojen TK-katsausten hengess\u00e4.<\/p>\n\n\n\n<div class=\"wp-block-columns is-layout-flex wp-container-core-columns-is-layout-2 wp-block-columns-is-layout-flex\">\n<div class=\"wp-block-column is-layout-flow wp-block-column-is-layout-flow\">\n<figure class=\"wp-block-image size-large\"><a href=\"https:\/\/vimeo.com\/139671437\" target=\"_blank\" rel=\"noopener noreferrer\"><img loading=\"lazy\" decoding=\"async\" width=\"1024\" height=\"577\" src=\"http:\/\/etulinja.net\/wp-content\/uploads\/2020\/04\/katsaus_nro14_vimeo-1@2x-1024x577.png\" alt=\"Etulinja Report 14\" class=\"wp-image-54\"\/><\/a><\/figure>\n<\/div>\n\n\n\n<div class=\"wp-block-column is-layout-flow wp-block-column-is-layout-flow\">\n<figure class=\"wp-block-image size-large\"><a href=\"https:\/\/vimeo.com\/140498854\" target=\"_blank\" rel=\"noopener noreferrer\"><img loading=\"lazy\" decoding=\"async\" width=\"1024\" height=\"577\" src=\"http:\/\/etulinja.net\/wp-content\/uploads\/2020\/04\/katsaus_nro15_vimeo-1@2x-1024x577.png\" alt=\"Etulinja Report 15\" class=\"wp-image-55\"\/><\/a><\/figure>\n<\/div>\n\n\n\n<div class=\"wp-block-column is-layout-flow wp-block-column-is-layout-flow\">\n<figure class=\"wp-block-image size-large\"><a href=\"https:\/\/vimeo.com\/168524271\" target=\"_blank\" rel=\"noopener noreferrer\"><img loading=\"lazy\" decoding=\"async\" width=\"1024\" height=\"577\" src=\"http:\/\/etulinja.net\/wp-content\/uploads\/2020\/04\/katsaus_nro16_vimeo-1@2x-1024x577.png\" alt=\"Etulinja Report 16\" class=\"wp-image-56\"\/><\/a><\/figure>\n<\/div>\n<\/div>\n\n\n\n<div class=\"wp-block-columns is-layout-flex wp-container-core-columns-is-layout-3 wp-block-columns-is-layout-flex\">\n<div class=\"wp-block-column is-layout-flow wp-block-column-is-layout-flow\">\n<figure class=\"wp-block-image size-large\"><a href=\"https:\/\/vimeo.com\/195619597\" target=\"_blank\" rel=\"noopener noreferrer\"><img loading=\"lazy\" decoding=\"async\" width=\"1024\" height=\"577\" src=\"http:\/\/etulinja.net\/wp-content\/uploads\/2020\/04\/katsaus_nro17_vimeo@2x-1024x577.png\" alt=\"Etulinja Report 17\" class=\"wp-image-57\"\/><\/a><\/figure>\n<\/div>\n\n\n\n<div class=\"wp-block-column is-layout-flow wp-block-column-is-layout-flow\">\n<figure class=\"wp-block-image size-large\"><a href=\"https:\/\/vimeo.com\/231855110\" target=\"_blank\" rel=\"noopener noreferrer\"><img loading=\"lazy\" decoding=\"async\" width=\"1024\" height=\"577\" src=\"http:\/\/etulinja.net\/wp-content\/uploads\/2020\/04\/katsaus_nro18_vimeo@2x-1024x577.png\" alt=\"Etulinja Report 18\" class=\"wp-image-58\"\/><\/a><\/figure>\n<\/div>\n\n\n\n<div class=\"wp-block-column is-layout-flow wp-block-column-is-layout-flow\">\n<figure class=\"wp-block-image size-large\"><a href=\"https:\/\/vimeo.com\/254512163\" target=\"_blank\" rel=\"noopener noreferrer\"><img loading=\"lazy\" decoding=\"async\" width=\"1024\" height=\"577\" src=\"http:\/\/etulinja.net\/wp-content\/uploads\/2020\/04\/katsaus_nro19_vimeo@2x-1024x577.png\" alt=\"Etulinja Report 19\" class=\"wp-image-59\"\/><\/a><\/figure>\n<\/div>\n<\/div>\n\n\n\n<div id=\"contact\"><\/div>\n\n\n\n<h2 class=\"has-text-align-center wp-block-heading\">Oletko kiinnostunut?<\/h2>\n\n\n\n<p class=\"has-text-align-center\">Haluatko liitty\u00e4 mukaan? Otamme mielell\u00e4mme uusia j\u00e4seni\u00e4 - edellytyksen\u00e4 aktiivisuus ja innostuneisuus osallistua toimintaamme.<\/p>\n\n\n\n<p class=\"has-text-align-center\">Saat meihin yhteyden joko paikanp\u00e4\u00e4ll\u00e4 tapahtumissa tai vaikka s\u00e4hk\u00f6postitse:<\/p>\n\n\n\n<p class=\"has-text-align-center\"><em>tiedustelu@etulinja.net<\/em><\/p>","protected":false},"excerpt":{"rendered":"<p>News What is Etulinja? Etulinja is a Finnish World War 2 reenactment association. Our activity includes private training, public displays, historical research and cooperation with museums and other historical associations. Our aim is to research and uphold historical Finnish military traditions. A significant part of our activity ispractical training and empiric study of written information. [&hellip;]<\/p>","protected":false},"author":292,"featured_media":0,"parent":0,"menu_order":0,"comment_status":"closed","ping_status":"closed","template":"templates\/template-cover.php","meta":{"_acf_changed":false,"_bbp_topic_count":0,"_bbp_reply_count":0,"_bbp_total_topic_count":0,"_bbp_total_reply_count":0,"_bbp_voice_count":0,"_bbp_anonymous_reply_count":0,"_bbp_topic_count_hidden":0,"_bbp_reply_count_hidden":0,"_bbp_forum_subforum_count":0,"_uag_custom_page_level_css":"","footnotes":""},"acf":[],"yoast_head":"<!-- This site is optimized with the Yoast SEO plugin v22.5 - https:\/\/yoast.com\/wordpress\/plugins\/seo\/ -->\n<title>Etulinja - Living History and Reenactment since 2007<\/title>\n<meta name=\"description\" content=\"Etulinja is the premium Finnish living history and reenactment organisation for reenactors interested in World War 2 Finland.\" \/>\n<meta name=\"robots\" content=\"index, follow, max-snippet:-1, max-image-preview:large, max-video-preview:-1\" \/>\n<link rel=\"canonical\" href=\"http:\/\/etulinja.net\/fi\/\" \/>\n<meta property=\"og:locale\" content=\"fi_FI\" \/>\n<meta property=\"og:type\" content=\"article\" \/>\n<meta property=\"og:title\" content=\"Etulinja - Living History and Reenactment since 2007\" \/>\n<meta property=\"og:description\" content=\"Etulinja is the premium Finnish living history and reenactment organisation for reenactors interested in World War 2 Finland.\" \/>\n<meta property=\"og:url\" content=\"http:\/\/etulinja.net\/fi\/\" \/>\n<meta property=\"og:site_name\" content=\"Etulinja\" \/>\n<meta property=\"article:publisher\" content=\"https:\/\/www.facebook.com\/Etulinja\/\" \/>\n<meta property=\"article:modified_time\" content=\"2020-12-13T11:16:04+00:00\" \/>\n<meta property=\"og:image\" content=\"http:\/\/etulinja.net\/wp-content\/uploads\/2020\/04\/Asset-4-e1586197126933.png\" \/>\n<meta name=\"twitter:card\" content=\"summary_large_image\" \/>\n<meta name=\"twitter:label1\" content=\"Arvioitu lukuaika\" \/>\n\t<meta name=\"twitter:data1\" content=\"1 minuutti\" \/>\n<script type=\"application\/ld+json\" class=\"yoast-schema-graph\">{\"@context\":\"https:\/\/schema.org\",\"@graph\":[{\"@type\":\"WebPage\",\"@id\":\"http:\/\/etulinja.net\/\",\"url\":\"http:\/\/etulinja.net\/\",\"name\":\"Etulinja - Living History and Reenactment since 2007\",\"isPartOf\":{\"@id\":\"https:\/\/etulinja.net\/#website\"},\"primaryImageOfPage\":{\"@id\":\"http:\/\/etulinja.net\/#primaryimage\"},\"image\":{\"@id\":\"http:\/\/etulinja.net\/#primaryimage\"},\"thumbnailUrl\":\"http:\/\/etulinja.net\/wp-content\/uploads\/2020\/04\/Asset-4-e1586197126933.png\",\"datePublished\":\"2020-04-06T16:21:31+00:00\",\"dateModified\":\"2020-12-13T11:16:04+00:00\",\"description\":\"Etulinja is the premium Finnish living history and reenactment organisation for reenactors interested in World War 2 Finland.\",\"breadcrumb\":{\"@id\":\"http:\/\/etulinja.net\/#breadcrumb\"},\"inLanguage\":\"fi\",\"potentialAction\":[{\"@type\":\"ReadAction\",\"target\":[\"http:\/\/etulinja.net\/\"]}]},{\"@type\":\"ImageObject\",\"inLanguage\":\"fi\",\"@id\":\"http:\/\/etulinja.net\/#primaryimage\",\"url\":\"http:\/\/etulinja.net\/wp-content\/uploads\/2020\/04\/Asset-4-e1586197126933.png\",\"contentUrl\":\"http:\/\/etulinja.net\/wp-content\/uploads\/2020\/04\/Asset-4-e1586197126933.png\"},{\"@type\":\"BreadcrumbList\",\"@id\":\"http:\/\/etulinja.net\/#breadcrumb\",\"itemListElement\":[{\"@type\":\"ListItem\",\"position\":1,\"name\":\"Home\",\"item\":\"http:\/\/etulinja.net\/\"},{\"@type\":\"ListItem\",\"position\":2,\"name\":\"Home\"}]},{\"@type\":\"WebSite\",\"@id\":\"https:\/\/etulinja.net\/#website\",\"url\":\"https:\/\/etulinja.net\/\",\"name\":\"Etulinja\",\"description\":\"living history 1939 - 45\",\"publisher\":{\"@id\":\"https:\/\/etulinja.net\/#organization\"},\"potentialAction\":[{\"@type\":\"SearchAction\",\"target\":{\"@type\":\"EntryPoint\",\"urlTemplate\":\"https:\/\/etulinja.net\/?s={search_term_string}\"},\"query-input\":\"required name=search_term_string\"}],\"inLanguage\":\"fi\"},{\"@type\":\"Organization\",\"@id\":\"https:\/\/etulinja.net\/#organization\",\"name\":\"Etulinja\",\"url\":\"https:\/\/etulinja.net\/\",\"logo\":{\"@type\":\"ImageObject\",\"inLanguage\":\"fi\",\"@id\":\"https:\/\/etulinja.net\/#\/schema\/logo\/image\/\",\"url\":\"http:\/\/etulinja.net\/wp-content\/uploads\/2020\/04\/icon.png\",\"contentUrl\":\"http:\/\/etulinja.net\/wp-content\/uploads\/2020\/04\/icon.png\",\"width\":870,\"height\":870,\"caption\":\"Etulinja\"},\"image\":{\"@id\":\"https:\/\/etulinja.net\/#\/schema\/logo\/image\/\"},\"sameAs\":[\"https:\/\/www.facebook.com\/Etulinja\/\",\"https:\/\/www.youtube.com\/user\/Etulinja\"]}]}<\/script>\n<!-- \/ Yoast SEO plugin. -->","yoast_head_json":{"title":"Etulinja - Living History and Reenactment since 2007","description":"Etulinja is the premium Finnish living history and reenactment organisation for reenactors interested in World War 2 Finland.","robots":{"index":"index","follow":"follow","max-snippet":"max-snippet:-1","max-image-preview":"max-image-preview:large","max-video-preview":"max-video-preview:-1"},"canonical":"http:\/\/etulinja.net\/fi\/","og_locale":"fi_FI","og_type":"article","og_title":"Etulinja - Living History and Reenactment since 2007","og_description":"Etulinja is the premium Finnish living history and reenactment organisation for reenactors interested in World War 2 Finland.","og_url":"http:\/\/etulinja.net\/fi\/","og_site_name":"Etulinja","article_publisher":"https:\/\/www.facebook.com\/Etulinja\/","article_modified_time":"2020-12-13T11:16:04+00:00","og_image":[{"url":"http:\/\/etulinja.net\/wp-content\/uploads\/2020\/04\/Asset-4-e1586197126933.png"}],"twitter_card":"summary_large_image","twitter_misc":{"Arvioitu lukuaika":"1 minuutti"},"schema":{"@context":"https:\/\/schema.org","@graph":[{"@type":"WebPage","@id":"http:\/\/etulinja.net\/","url":"http:\/\/etulinja.net\/","name":"Etulinja - Living History and Reenactment since 2007","isPartOf":{"@id":"https:\/\/etulinja.net\/#website"},"primaryImageOfPage":{"@id":"http:\/\/etulinja.net\/#primaryimage"},"image":{"@id":"http:\/\/etulinja.net\/#primaryimage"},"thumbnailUrl":"http:\/\/etulinja.net\/wp-content\/uploads\/2020\/04\/Asset-4-e1586197126933.png","datePublished":"2020-04-06T16:21:31+00:00","dateModified":"2020-12-13T11:16:04+00:00","description":"Etulinja is the premium Finnish living history and reenactment organisation for reenactors interested in World War 2 Finland.","breadcrumb":{"@id":"http:\/\/etulinja.net\/#breadcrumb"},"inLanguage":"fi","potentialAction":[{"@type":"ReadAction","target":["http:\/\/etulinja.net\/"]}]},{"@type":"ImageObject","inLanguage":"fi","@id":"http:\/\/etulinja.net\/#primaryimage","url":"http:\/\/etulinja.net\/wp-content\/uploads\/2020\/04\/Asset-4-e1586197126933.png","contentUrl":"http:\/\/etulinja.net\/wp-content\/uploads\/2020\/04\/Asset-4-e1586197126933.png"},{"@type":"BreadcrumbList","@id":"http:\/\/etulinja.net\/#breadcrumb","itemListElement":[{"@type":"ListItem","position":1,"name":"Home","item":"http:\/\/etulinja.net\/"},{"@type":"ListItem","position":2,"name":"Home"}]},{"@type":"WebSite","@id":"https:\/\/etulinja.net\/#website","url":"https:\/\/etulinja.net\/","name":"Etulinja","description":"living history 1939 - 45","publisher":{"@id":"https:\/\/etulinja.net\/#organization"},"potentialAction":[{"@type":"SearchAction","target":{"@type":"EntryPoint","urlTemplate":"https:\/\/etulinja.net\/?s={search_term_string}"},"query-input":"required name=search_term_string"}],"inLanguage":"fi"},{"@type":"Organization","@id":"https:\/\/etulinja.net\/#organization","name":"Etulinja","url":"https:\/\/etulinja.net\/","logo":{"@type":"ImageObject","inLanguage":"fi","@id":"https:\/\/etulinja.net\/#\/schema\/logo\/image\/","url":"http:\/\/etulinja.net\/wp-content\/uploads\/2020\/04\/icon.png","contentUrl":"http:\/\/etulinja.net\/wp-content\/uploads\/2020\/04\/icon.png","width":870,"height":870,"caption":"Etulinja"},"image":{"@id":"https:\/\/etulinja.net\/#\/schema\/logo\/image\/"},"sameAs":["https:\/\/www.facebook.com\/Etulinja\/","https:\/\/www.youtube.com\/user\/Etulinja"]}]}},"uagb_featured_image_src":{"full":false,"thumbnail":false,"medium":false,"medium_large":false,"large":false,"1536x1536":false,"2048x2048":false,"trp-custom-language-flag":false,"post-thumbnail":false,"twentytwenty-fullscreen":false,"d4p-bbp-thumb":false},"uagb_author_info":{"display_name":"Panu Korhonen","author_link":"http:\/\/etulinja.net\/fi\/author\/korhonenp\/"},"uagb_comment_info":0,"uagb_excerpt":"News What is Etulinja? Etulinja is a Finnish World War 2 reenactment association. Our activity includes private training, public displays, historical research and cooperation with museums and other historical associations. Our aim is to research and uphold historical Finnish military traditions. A significant part of our activity ispractical training and empiric study of written information.&hellip;","meta_box":[],"_links":{"self":[{"href":"http:\/\/etulinja.net\/fi\/wp-json\/wp\/v2\/pages\/9"}],"collection":[{"href":"http:\/\/etulinja.net\/fi\/wp-json\/wp\/v2\/pages"}],"about":[{"href":"http:\/\/etulinja.net\/fi\/wp-json\/wp\/v2\/types\/page"}],"author":[{"embeddable":true,"href":"http:\/\/etulinja.net\/fi\/wp-json\/wp\/v2\/users\/292"}],"replies":[{"embeddable":true,"href":"http:\/\/etulinja.net\/fi\/wp-json\/wp\/v2\/comments?post=9"}],"version-history":[{"count":44,"href":"http:\/\/etulinja.net\/fi\/wp-json\/wp\/v2\/pages\/9\/revisions"}],"predecessor-version":[{"id":18985,"href":"http:\/\/etulinja.net\/fi\/wp-json\/wp\/v2\/pages\/9\/revisions\/18985"}],"wp:attachment":[{"href":"http:\/\/etulinja.net\/fi\/wp-json\/wp\/v2\/media?parent=9"}],"curies":[{"name":"wp","href":"https:\/\/api.w.org\/{rel}","templated":true}]}}